{"id":190,"date":"2024-04-15T15:15:52","date_gmt":"2024-04-15T15:15:52","guid":{"rendered":"http:\/\/montoya.clapat-themes.com\/?page_id=190"},"modified":"2025-09-15T13:43:33","modified_gmt":"2025-09-15T19:43:33","slug":"about-2-2","status":"publish","type":"page","link":"https:\/\/tornasolestudio.com\/?page_id=190","title":{"rendered":"Nosotros"},"content":{"rendered":"\t\t<div data-elementor-type=\"wp-page\" data-elementor-id=\"190\" class=\"elementor elementor-190\">\n\t\t\t\t<div class=\"content-row-elementor elementor-element elementor-element-3ef3b49 full_elementor dark-section inherit-header-color e-flex e-con-boxed e-con e-parent\" data-id=\"3ef3b49\" data-element_type=\"container\" data-e-type=\"container\" data-settings=\"{&quot;background_background&quot;:&quot;classic&quot;}\">\n\t\t\t\t\t<div class=\"e-con-inner\">\n\t\t\t\t<div class=\"elementor-element elementor-element-0acd6fc elementor-widget elementor-widget-text-editor\" data-id=\"0acd6fc\" data-element_type=\"widget\" data-e-type=\"widget\" data-widget_type=\"text-editor.default\">\n\t\t\t\t<div class=\"elementor-widget-container\">\n\t\t\t\t\t\t\t\t\t<p>\u00a0Nacimos en Pandemia en 2020 por la alta demanda de la transformaci\u00f3n digital\u00a0 con un enfoque de branding, dise\u00f1o gr\u00e1fico digital, fotograf\u00eda y arte lanzando marcas\u00a0 que al d\u00eda de hoy han evolucionado,<\/p><p>Tornasol evoluciona en servicios como Web desing, generaci\u00f3n de demanda , generaci\u00f3n de leads, video, conetnido digital, e .commerce y resalta arquitectura POP del pinto de venta desarrollando interiorismo comercial en conjunto con\u00a0 branding\u00a0\u00a0<\/p>\t\t\t\t\t\t\t\t<\/div>\n\t\t\t\t<\/div>\n\t\t\t\t\t<\/div>\n\t\t\t\t<\/div>\n\t\t<div class=\"content-row-elementor elementor-element elementor-element-0e10033 row_padding_top_elementor e-con-full dark-section inherit-header-color full_elementor row_padding_left_elementor row_padding_right_elementor e-flex e-con e-parent\" data-id=\"0e10033\" data-element_type=\"container\" data-e-type=\"container\" data-settings=\"{&quot;background_background&quot;:&quot;classic&quot;}\">\n\t\t\t\t<div class=\"elementor-element elementor-element-42dada7 elementor-widget elementor-widget-text-editor\" data-id=\"42dada7\" data-element_type=\"widget\" data-e-type=\"widget\" data-widget_type=\"text-editor.default\">\n\t\t\t\t<div class=\"elementor-widget-container\">\n\t\t\t\t\t\t\t\t\t<p>Nuestro enfoque combina creatividad, estrategia y tecnolog\u00eda para desarrollar proyectos que trascienden.<\/p>\t\t\t\t\t\t\t\t<\/div>\n\t\t\t\t<\/div>\n\t\t\t\t<div class=\"elementor-element elementor-element-09c8c04 elementor-widget elementor-widget-spacer\" data-id=\"09c8c04\" data-element_type=\"widget\" data-e-type=\"widget\" data-widget_type=\"spacer.default\">\n\t\t\t\t<div class=\"elementor-widget-container\">\n\t\t\t\t\t\t\t<div class=\"elementor-spacer\">\n\t\t\t<div class=\"elementor-spacer-inner\"><\/div>\n\t\t<\/div>\n\t\t\t\t\t\t<\/div>\n\t\t\t\t<\/div>\n\t\t\t\t<\/div>\n\t\t<div class=\"content-row-elementor elementor-element elementor-element-2eb61f5 dark-section inherit-header-color full_elementor row_padding_left_elementor row_padding_right_elementor e-flex e-con-boxed e-con e-parent\" data-id=\"2eb61f5\" data-element_type=\"container\" data-e-type=\"container\">\n\t\t\t\t\t<div class=\"e-con-inner\">\n\t\t<div class=\"content-row-elementor elementor-element elementor-element-426f704 e-con-full dark-section inherit-header-color full_elementor row_padding_left_elementor row_padding_right_elementor e-flex e-con e-child\" data-id=\"426f704\" data-element_type=\"container\" data-e-type=\"container\">\n\t\t\t\t<div class=\"elementor-element elementor-element-6d77835 elementor-widget elementor-widget-image\" data-id=\"6d77835\" data-element_type=\"widget\" data-e-type=\"widget\" data-widget_type=\"image.default\">\n\t\t\t\t<div class=\"elementor-widget-container\">\n\t\t\t\t\t\t\t\t\t\t\t\t\t\t\t<img fetchpriority=\"high\" decoding=\"async\" width=\"576\" height=\"1024\" src=\"https:\/\/tornasolestudio.com\/wp-content\/uploads\/2025\/02\/7-576x1024.png\" class=\"attachment-large size-large wp-image-3374\" alt=\"\" srcset=\"https:\/\/tornasolestudio.com\/wp-content\/uploads\/2025\/02\/7-576x1024.png 576w, https:\/\/tornasolestudio.com\/wp-content\/uploads\/2025\/02\/7-169x300.png 169w, https:\/\/tornasolestudio.com\/wp-content\/uploads\/2025\/02\/7-768x1365.png 768w, https:\/\/tornasolestudio.com\/wp-content\/uploads\/2025\/02\/7-864x1536.png 864w, https:\/\/tornasolestudio.com\/wp-content\/uploads\/2025\/02\/7-600x1067.png 600w, https:\/\/tornasolestudio.com\/wp-content\/uploads\/2025\/02\/7.png 1080w\" sizes=\"(max-width: 576px) 100vw, 576px\" \/>\t\t\t\t\t\t\t\t\t\t\t\t\t\t\t<\/div>\n\t\t\t\t<\/div>\n\t\t\t\t<\/div>\n\t\t<div class=\"content-row-elementor elementor-element elementor-element-9ca2d7e e-con-full dark-section inherit-header-color full_elementor row_padding_left_elementor row_padding_right_elementor e-flex e-con e-child\" data-id=\"9ca2d7e\" data-element_type=\"container\" data-e-type=\"container\">\n\t\t\t\t<div class=\"elementor-element elementor-element-905ddfb elementor-widget elementor-widget-image\" data-id=\"905ddfb\" data-element_type=\"widget\" data-e-type=\"widget\" data-widget_type=\"image.default\">\n\t\t\t\t<div class=\"elementor-widget-container\">\n\t\t\t\t\t\t\t\t\t\t\t\t\t\t\t<img decoding=\"async\" width=\"684\" height=\"1024\" src=\"https:\/\/tornasolestudio.com\/wp-content\/uploads\/2025\/09\/WhatsApp-Image-2024-10-16-at-3.53.51-PM-684x1024.avif\" class=\"attachment-large size-large wp-image-3459 not-transparent\" alt=\"\" srcset=\"https:\/\/tornasolestudio.com\/wp-content\/uploads\/2025\/09\/WhatsApp-Image-2024-10-16-at-3.53.51-PM-684x1024.avif 684w, https:\/\/tornasolestudio.com\/wp-content\/uploads\/2025\/09\/WhatsApp-Image-2024-10-16-at-3.53.51-PM-200x300.avif 200w, https:\/\/tornasolestudio.com\/wp-content\/uploads\/2025\/09\/WhatsApp-Image-2024-10-16-at-3.53.51-PM-768x1150.avif 768w, https:\/\/tornasolestudio.com\/wp-content\/uploads\/2025\/09\/WhatsApp-Image-2024-10-16-at-3.53.51-PM-600x898.avif 600w, https:\/\/tornasolestudio.com\/wp-content\/uploads\/2025\/09\/WhatsApp-Image-2024-10-16-at-3.53.51-PM.avif 958w\" sizes=\"(max-width: 684px) 100vw, 684px\" data-has-transparency=\"false\" data-dominant-color=\"be6e36\" style=\"--dominant-color: #be6e36\" \/>\t\t\t\t\t\t\t\t\t\t\t\t\t\t\t<\/div>\n\t\t\t\t<\/div>\n\t\t\t\t<\/div>\n\t\t<div class=\"content-row-elementor elementor-element elementor-element-cc7ca62 e-con-full dark-section inherit-header-color full_elementor row_padding_left_elementor row_padding_right_elementor e-flex e-con e-child\" data-id=\"cc7ca62\" data-element_type=\"container\" data-e-type=\"container\">\n\t\t\t\t<div class=\"elementor-element elementor-element-23dfbd3 elementor-widget elementor-widget-image\" data-id=\"23dfbd3\" data-element_type=\"widget\" data-e-type=\"widget\" data-widget_type=\"image.default\">\n\t\t\t\t<div class=\"elementor-widget-container\">\n\t\t\t\t\t\t\t\t\t\t\t\t\t\t\t<img decoding=\"async\" width=\"594\" height=\"570\" src=\"https:\/\/tornasolestudio.com\/wp-content\/uploads\/2024\/04\/client-02-2.png\" class=\"attachment-large size-large wp-image-3136\" alt=\"\" srcset=\"https:\/\/tornasolestudio.com\/wp-content\/uploads\/2024\/04\/client-02-2.png 594w, https:\/\/tornasolestudio.com\/wp-content\/uploads\/2024\/04\/client-02-2-300x288.png 300w\" sizes=\"(max-width: 594px) 100vw, 594px\" \/>\t\t\t\t\t\t\t\t\t\t\t\t\t\t\t<\/div>\n\t\t\t\t<\/div>\n\t\t\t\t<\/div>\n\t\t\t\t\t<\/div>\n\t\t\t\t<\/div>\n\t\t\t\t<\/div>\n\t\t","protected":false},"excerpt":{"rendered":"<p>\u00a0Nacimos en Pandemia en 2020 por la alta demanda de la transformaci\u00f3n digital\u00a0 con un enfoque de branding, dise\u00f1o gr\u00e1fico digital, fotograf\u00eda y arte lanzando marcas\u00a0 que al d\u00eda de hoy han evolucionado, Tornasol evoluciona en servicios como Web desing, generaci\u00f3n de demanda , generaci\u00f3n de leads, video, conetnido digital, e .commerce y resalta arquitectura [&hellip;]<\/p>\n","protected":false},"author":1,"featured_media":0,"parent":0,"menu_order":0,"comment_status":"closed","ping_status":"closed","template":"","meta":{"footnotes":""},"class_list":["post-190","page","type-page","status-publish","hentry"],"_links":{"self":[{"href":"https:\/\/tornasolestudio.com\/index.php?rest_route=\/wp\/v2\/pages\/190","targetHints":{"allow":["GET"]}}],"collection":[{"href":"https:\/\/tornasolestudio.com\/index.php?rest_route=\/wp\/v2\/pages"}],"about":[{"href":"https:\/\/tornasolestudio.com\/index.php?rest_route=\/wp\/v2\/types\/page"}],"author":[{"embeddable":true,"href":"https:\/\/tornasolestudio.com\/index.php?rest_route=\/wp\/v2\/users\/1"}],"replies":[{"embeddable":true,"href":"https:\/\/tornasolestudio.com\/index.php?rest_route=%2Fwp%2Fv2%2Fcomments&post=190"}],"version-history":[{"count":25,"href":"https:\/\/tornasolestudio.com\/index.php?rest_route=\/wp\/v2\/pages\/190\/revisions"}],"predecessor-version":[{"id":3462,"href":"https:\/\/tornasolestudio.com\/index.php?rest_route=\/wp\/v2\/pages\/190\/revisions\/3462"}],"wp:attachment":[{"href":"https:\/\/tornasolestudio.com\/index.php?rest_route=%2Fwp%2Fv2%2Fmedia&parent=190"}],"curies":[{"name":"wp","href":"https:\/\/api.w.org\/{rel}","templated":true}]}}